{"id":109,"date":"2014-04-12T17:30:31","date_gmt":"2014-04-12T15:30:31","guid":{"rendered":"http:\/\/artemis-bonn.de\/artemis_webseite\/?page_id=109"},"modified":"2024-07-03T20:29:40","modified_gmt":"2024-07-03T18:29:40","slug":"schnupperkurse","status":"publish","type":"page","link":"https:\/\/artemis-bonn.de\/artemis_webseite\/?page_id=109","title":{"rendered":"Basiskurs"},"content":{"rendered":"<h4><\/h4>\n<p><span style=\"color: #ff0000;\"><strong>Zur Zeit finden keine Basiskurse statt!\u00a0<\/strong><\/span><\/p>\n<p><span style=\"color: #ff0000;\"><strong>Wenn sie wieder angeboten werden, wird es an dieser Stelle bekanntgegeben.\u00a0<\/strong><\/span><\/p>\n<p>Wer den Bogensport (Erwachsene) einmal kennen lernen und ausprobieren m\u00f6chte, kann bei uns ein Basiskurs (Schnupperkurs) absolvieren (Info einmaliges Event\u00a0<a href=\"http:\/\/artemis-bonn.de\/artemis_webseite\/?p=66\" target=\"_blank\" rel=\"noopener\">hier<\/a>). Bogensport ist der perfekte Freizeitausgleich, da er die Konzentration f\u00f6rdert und f\u00fcr eine innere Ausgeglichenheit sorgt.<\/p>\n<p>Der Kurs beginnt mit einer Einweisung zum Thema Sicherheit, die Ermittlung ob Links- oder Rechtshandsch\u00fctze sowie die Materialabstimmung auf den K\u00f6rperbau und -st\u00e4rke des Sch\u00fctzen\/Sch\u00fctzin. In der Praxis erkl\u00e4ren wir den sicheren Stand mit der richtigen K\u00f6rperhaltung und Muskelanspannung, um am Ende den \u201cperfekten Schuss\u201d auszu\u00fcben. S\u00e4mtliches Material wird dabei von uns zur Verf\u00fcgung gestellt.<\/p>\n<p>Ein Kurs kostet 80,- \u20ac pro Person und beinhaltet 4 mal 1,5 Stunden.<\/p>\n<p>Durch die Vielzahl der Anfragen haben wir ein automatisiertes System zur Terminvergabe eingerichtet. Bitte schreiben Sie bei Interesse an einem Schnupperkurs eine E-Mail an <a href=\"mailto:schnupperkurse@artemis-bonn.de\">schnupperkurse@artemis-bonn.de<\/a>. Sie erhalten dann eine automatische Antwort-Email mit weiteren Informationen zur Anmeldung.<\/p>\n<p>Nur in dringenden, begr\u00fcndeten Ausnahmef\u00e4llen k\u00f6nnen Sie unseren\u00a0C-Trainer\u00a0<a title=\"J\u00fcrgen Emmerich\" href=\"http:\/\/artemis-bonn.de\/artemis_webseite\/?p=123\">J\u00fcrgen Emmerich<\/a>\u00a0unter <a href=\"mailto:sportwart@artemis-bonn.de\">sportwart@artemis-bonn.de<\/a> erreichen. Es ist keine Terminabsprache am Schie\u00dfplatz m\u00f6glich!<\/p>\n","protected":false},"excerpt":{"rendered":"<p>Zur Zeit finden keine Basiskurse statt!\u00a0 Wenn sie wieder angeboten werden, wird es an dieser Stelle bekanntgegeben.\u00a0 Wer den Bogensport (Erwachsene) einmal kennen lernen und ausprobieren m\u00f6chte, kann bei uns ein Basiskurs (Schnupperkurs) absolvieren (Info einmaliges Event\u00a0hier). Bogensport ist der perfekte Freizeitausgleich, da er die Konzentration f\u00f6rdert und f\u00fcr eine<\/p>\n","protected":false},"author":1,"featured_media":0,"parent":26,"menu_order":0,"comment_status":"closed","ping_status":"closed","template":"","meta":{"footnotes":""},"class_list":["post-109","page","type-page","status-publish","hentry"],"_links":{"self":[{"href":"https:\/\/artemis-bonn.de\/artemis_webseite\/index.php?rest_route=\/wp\/v2\/pages\/109","targetHints":{"allow":["GET"]}}],"collection":[{"href":"https:\/\/artemis-bonn.de\/artemis_webseite\/index.php?rest_route=\/wp\/v2\/pages"}],"about":[{"href":"https:\/\/artemis-bonn.de\/artemis_webseite\/index.php?rest_route=\/wp\/v2\/types\/page"}],"author":[{"embeddable":true,"href":"https:\/\/artemis-bonn.de\/artemis_webseite\/index.php?rest_route=\/wp\/v2\/users\/1"}],"replies":[{"embeddable":true,"href":"https:\/\/artemis-bonn.de\/artemis_webseite\/index.php?rest_route=%2Fwp%2Fv2%2Fcomments&post=109"}],"version-history":[{"count":69,"href":"https:\/\/artemis-bonn.de\/artemis_webseite\/index.php?rest_route=\/wp\/v2\/pages\/109\/revisions"}],"predecessor-version":[{"id":13577,"href":"https:\/\/artemis-bonn.de\/artemis_webseite\/index.php?rest_route=\/wp\/v2\/pages\/109\/revisions\/13577"}],"up":[{"embeddable":true,"href":"https:\/\/artemis-bonn.de\/artemis_webseite\/index.php?rest_route=\/wp\/v2\/pages\/26"}],"wp:attachment":[{"href":"https:\/\/artemis-bonn.de\/artemis_webseite\/index.php?rest_route=%2Fwp%2Fv2%2Fmedia&parent=109"}],"curies":[{"name":"wp","href":"https:\/\/api.w.org\/{rel}","templated":true}]}}