{"id":12760,"date":"2022-09-10T11:49:05","date_gmt":"2022-09-10T09:49:05","guid":{"rendered":"http:\/\/artemis-bonn.de\/artemis_webseite\/?page_id=12760"},"modified":"2022-12-09T18:07:01","modified_gmt":"2022-12-09T16:07:01","slug":"ueber-uns","status":"publish","type":"page","link":"https:\/\/artemis-bonn.de\/artemis_webseite\/?page_id=12760","title":{"rendered":"\u00dcber uns"},"content":{"rendered":"<p>Der in 1989 gegr\u00fcndete jetzige Bogenverein Artemis Bonn e. V. bietet f\u00fcr alle Interessierte viele gute M\u00f6glichkeiten, diese Sportart als Freizeitbesch\u00e4ftigung oder Turniersch\u00fctze auszu\u00fcben.<\/p>\n<p>Dem Anf\u00e4nger vermitteln wir die Grundlagen des Bogensports sowie Sicherheitshinweise bis hin zur Platzreife. Beim Wiedereinsteiger steht unser gut ausgebildetes Helfer- und Trainerteam zur Verf\u00fcgung und begleitet einen weiter zum Turniersch\u00fctzen. F\u00fcr ambitionierte Sch\u00fctzen bieten wir ein Extra-Training unter Leitung eines qualifizierten Trainers an.<\/p>\n<p>F\u00fcr interessierte Neueinsteiger gibt es Schnupperkurse, in denen die Grundlagen des Bogensports vermittelt werden. Das ben\u00f6tigte Equipment wird w\u00e4hrend des Kurses kostenlos von uns zur Verf\u00fcgung gestellt.<\/p>\n<p>Der Bereich Kinder\/Jugend ist ebenfalls ein Schwerpunkt unserer gemeinn\u00fctzigen Arbeit. Wir bieten in der &#8222;Freiluftsaison&#8220; im Sommer zu festen Zeiten ein w\u00f6chentliches Kinder- und Jugendtraining von ausgebildeten Jugendbetreuern an.<\/p>\n<p>Wir verf\u00fcgen \u00fcber ausgezeichnete Trainingsm\u00f6glichkeiten. Trainiert werden kann das ganze Jahr \u00fcber: Im Sommer durchg\u00e4ngig auf dem Gel\u00e4nde am Sportpark Nord mit barrierefreiem Zugang (gute \u00d6PNV-Anbindung und zahlreiche Parkpl\u00e4tze) und im Winter in der Josef-Strunck-Halle in Bonn-Endenich an mehreren Tagen die Woche.<\/p>\n<p>Sollten wir Ihr Interesse f\u00fcr den Bogensport geweckt haben, freuen wir uns auf Ihre Nachricht.<\/p>\n","protected":false},"excerpt":{"rendered":"<p>Der in 1989 gegr\u00fcndete jetzige Bogenverein Artemis Bonn e. V. bietet f\u00fcr alle Interessierte viele gute M\u00f6glichkeiten, diese Sportart als Freizeitbesch\u00e4ftigung oder Turniersch\u00fctze auszu\u00fcben. Dem Anf\u00e4nger vermitteln wir die Grundlagen des Bogensports sowie Sicherheitshinweise bis hin zur Platzreife. Beim Wiedereinsteiger steht unser gut ausgebildetes Helfer- und Trainerteam zur Verf\u00fcgung und<\/p>\n","protected":false},"author":65,"featured_media":0,"parent":32,"menu_order":0,"comment_status":"closed","ping_status":"closed","template":"","meta":{"footnotes":""},"class_list":["post-12760","page","type-page","status-publish","hentry"],"_links":{"self":[{"href":"https:\/\/artemis-bonn.de\/artemis_webseite\/index.php?rest_route=\/wp\/v2\/pages\/12760","targetHints":{"allow":["GET"]}}],"collection":[{"href":"https:\/\/artemis-bonn.de\/artemis_webseite\/index.php?rest_route=\/wp\/v2\/pages"}],"about":[{"href":"https:\/\/artemis-bonn.de\/artemis_webseite\/index.php?rest_route=\/wp\/v2\/types\/page"}],"author":[{"embeddable":true,"href":"https:\/\/artemis-bonn.de\/artemis_webseite\/index.php?rest_route=\/wp\/v2\/users\/65"}],"replies":[{"embeddable":true,"href":"https:\/\/artemis-bonn.de\/artemis_webseite\/index.php?rest_route=%2Fwp%2Fv2%2Fcomments&post=12760"}],"version-history":[{"count":2,"href":"https:\/\/artemis-bonn.de\/artemis_webseite\/index.php?rest_route=\/wp\/v2\/pages\/12760\/revisions"}],"predecessor-version":[{"id":12936,"href":"https:\/\/artemis-bonn.de\/artemis_webseite\/index.php?rest_route=\/wp\/v2\/pages\/12760\/revisions\/12936"}],"up":[{"embeddable":true,"href":"https:\/\/artemis-bonn.de\/artemis_webseite\/index.php?rest_route=\/wp\/v2\/pages\/32"}],"wp:attachment":[{"href":"https:\/\/artemis-bonn.de\/artemis_webseite\/index.php?rest_route=%2Fwp%2Fv2%2Fmedia&parent=12760"}],"curies":[{"name":"wp","href":"https:\/\/api.w.org\/{rel}","templated":true}]}}