{"id":13461,"date":"2024-02-29T18:55:29","date_gmt":"2024-02-29T16:55:29","guid":{"rendered":"https:\/\/artemis-bonn.de\/artemis_webseite\/?page_id=13461"},"modified":"2024-06-21T09:50:42","modified_gmt":"2024-06-21T07:50:42","slug":"zu-verkaufen","status":"publish","type":"page","link":"https:\/\/artemis-bonn.de\/artemis_webseite\/?page_id=13461","title":{"rendered":"Zu Verkaufen"},"content":{"rendered":"\n<p>Hin und wieder bieten Vereinsmitglieder Equipment rund um das Bogenschie\u00dfen an. F\u00fcr die auf dieser Seite angebotenen Produkte \u00fcbernimmt der Verein <strong>Artemis Bonn<\/strong> keinerlei Haftung oder Gew\u00e4hrleistung. Es handelt sich dabei um einen Angebot von Privat. Kontaktaufnahme bzw. Absprachen sollen daher unbedingt mit dem Anbieter selbst erfolgen.<\/p>\n\n\n\n<p><strong>Aktuell keine Angebote<\/strong><\/p>\n","protected":false},"excerpt":{"rendered":"<p>Hin und wieder bieten Vereinsmitglieder Equipment rund um das Bogenschie\u00dfen an. F\u00fcr die auf dieser Seite angebotenen Produkte \u00fcbernimmt der Verein Artemis Bonn keinerlei Haftung oder Gew\u00e4hrleistung. Es handelt sich dabei um einen Angebot von Privat. Kontaktaufnahme bzw. Absprachen sollen daher unbedingt mit dem Anbieter selbst erfolgen. Aktuell keine Angebote<\/p>\n","protected":false},"author":65,"featured_media":0,"parent":0,"menu_order":0,"comment_status":"closed","ping_status":"closed","template":"","meta":{"footnotes":""},"class_list":["post-13461","page","type-page","status-publish","hentry"],"_links":{"self":[{"href":"https:\/\/artemis-bonn.de\/artemis_webseite\/index.php?rest_route=\/wp\/v2\/pages\/13461","targetHints":{"allow":["GET"]}}],"collection":[{"href":"https:\/\/artemis-bonn.de\/artemis_webseite\/index.php?rest_route=\/wp\/v2\/pages"}],"about":[{"href":"https:\/\/artemis-bonn.de\/artemis_webseite\/index.php?rest_route=\/wp\/v2\/types\/page"}],"author":[{"embeddable":true,"href":"https:\/\/artemis-bonn.de\/artemis_webseite\/index.php?rest_route=\/wp\/v2\/users\/65"}],"replies":[{"embeddable":true,"href":"https:\/\/artemis-bonn.de\/artemis_webseite\/index.php?rest_route=%2Fwp%2Fv2%2Fcomments&post=13461"}],"version-history":[{"count":4,"href":"https:\/\/artemis-bonn.de\/artemis_webseite\/index.php?rest_route=\/wp\/v2\/pages\/13461\/revisions"}],"predecessor-version":[{"id":13574,"href":"https:\/\/artemis-bonn.de\/artemis_webseite\/index.php?rest_route=\/wp\/v2\/pages\/13461\/revisions\/13574"}],"wp:attachment":[{"href":"https:\/\/artemis-bonn.de\/artemis_webseite\/index.php?rest_route=%2Fwp%2Fv2%2Fmedia&parent=13461"}],"curies":[{"name":"wp","href":"https:\/\/api.w.org\/{rel}","templated":true}]}}