{"id":263,"date":"2014-05-18T14:43:02","date_gmt":"2014-05-18T12:43:02","guid":{"rendered":"http:\/\/artemis-bonn.de\/artemis_webseite\/?page_id=263"},"modified":"2022-12-09T16:20:53","modified_gmt":"2022-12-09T14:20:53","slug":"platzordnung","status":"publish","type":"page","link":"https:\/\/artemis-bonn.de\/artemis_webseite\/?page_id=263","title":{"rendered":"Schie\u00dfordnung"},"content":{"rendered":"<p><em>Folgende Regeln sind in jedem Fall zu beachten:<\/em><\/p>\n<ul>\n<li>Den Anweisungen des Schie\u00dfleiters ist Folge zu leisten.<\/li>\n<li>Die Benutzung des Sportgel\u00e4ndes ist nur Vereinsmitgliedern gestattet.<\/li>\n<li>Anf\u00e4nger, Jugendliche und G\u00e4ste d\u00fcrfen nur in Anwesenheit eines erwachsenen Vereinsmitgliedes am Schie\u00dfbetrieb teilnehmen.<\/li>\n<li>Das Zielen und Schie\u00dfen auf Menschen oder Tiere ist verboten, wird polizeilich angezeigt und f\u00fchrt zum sofortigen Vereinsausschluss.<\/li>\n<li>Das Zielen und Schie\u00dfen ist nur von der Schie\u00dflinie aus \u2013 in Richtung der Scheiben \u2013 erlaubt.<\/li>\n<li>Eltern haften f\u00fcr ihre Kinder.<\/li>\n<li>Der so genannte Hochanschlag, das Ausziehen und von oben ins Ziel gehen, ist verboten.<\/li>\n<li>Jeder Pfeilschaft muss mit dem Namen des Sch\u00fctzen versehen sein!<\/li>\n<li>Werden Pfeile geholt oder in der N\u00e4he bzw. hinter den Scheiben gesucht, ist das Schie\u00dfen so lange zu unterbrechen, bis alle Sch\u00fctzen die Schie\u00dflinie wieder erreicht haben.<\/li>\n<li>G\u00e4ste d\u00fcrfen den Platz nur nach vorheriger Anmeldung beim Sportwart und danach ohne Ausnahme nur in Anwesenheit eines vollj\u00e4hrigen Vereinsmitgliedes benutzen.<\/li>\n<li>Wer alkoholisiert ist, darf nicht mehr am Schie\u00dfbetrieb teilnehmen.<\/li>\n<li>ff. weitere Infos in unserer <a href=\"http:\/\/artemis-bonn.de\/artemis_webseite\/wp-content\/uploads\/2014\/04\/Sportordnung-V1.0-201511301.pdf\" target=\"_blank\" rel=\"noopener\">Sportordnung<\/a><\/li>\n<\/ul>\n<p>(F\u00fcr eine vergr\u00f6\u00dferte Version bitte anklicken)<\/p>\n<p><a href=\"http:\/\/artemis-bonn.de\/artemis_webseite\/wp-content\/uploads\/2014\/09\/schiesswand.jpg\"><img decoding=\"async\" class=\"alignnone size-medium wp-image-2333\" src=\"http:\/\/artemis-bonn.de\/artemis_webseite\/wp-content\/uploads\/2014\/09\/schiesswand-300x212.jpg\" alt=\"schiesswand\" width=\"300\" \/><\/a><\/p>\n","protected":false},"excerpt":{"rendered":"<p>Folgende Regeln sind in jedem Fall zu beachten: Den Anweisungen des Schie\u00dfleiters ist Folge zu leisten. Die Benutzung des Sportgel\u00e4ndes ist nur Vereinsmitgliedern gestattet. Anf\u00e4nger, Jugendliche und G\u00e4ste d\u00fcrfen nur in Anwesenheit eines erwachsenen Vereinsmitgliedes am Schie\u00dfbetrieb teilnehmen. Das Zielen und Schie\u00dfen auf Menschen oder Tiere ist verboten, wird polizeilich<\/p>\n","protected":false},"author":2,"featured_media":0,"parent":26,"menu_order":0,"comment_status":"closed","ping_status":"closed","template":"","meta":{"footnotes":""},"class_list":["post-263","page","type-page","status-publish","hentry"],"_links":{"self":[{"href":"https:\/\/artemis-bonn.de\/artemis_webseite\/index.php?rest_route=\/wp\/v2\/pages\/263","targetHints":{"allow":["GET"]}}],"collection":[{"href":"https:\/\/artemis-bonn.de\/artemis_webseite\/index.php?rest_route=\/wp\/v2\/pages"}],"about":[{"href":"https:\/\/artemis-bonn.de\/artemis_webseite\/index.php?rest_route=\/wp\/v2\/types\/page"}],"author":[{"embeddable":true,"href":"https:\/\/artemis-bonn.de\/artemis_webseite\/index.php?rest_route=\/wp\/v2\/users\/2"}],"replies":[{"embeddable":true,"href":"https:\/\/artemis-bonn.de\/artemis_webseite\/index.php?rest_route=%2Fwp%2Fv2%2Fcomments&post=263"}],"version-history":[{"count":18,"href":"https:\/\/artemis-bonn.de\/artemis_webseite\/index.php?rest_route=\/wp\/v2\/pages\/263\/revisions"}],"predecessor-version":[{"id":12930,"href":"https:\/\/artemis-bonn.de\/artemis_webseite\/index.php?rest_route=\/wp\/v2\/pages\/263\/revisions\/12930"}],"up":[{"embeddable":true,"href":"https:\/\/artemis-bonn.de\/artemis_webseite\/index.php?rest_route=\/wp\/v2\/pages\/26"}],"wp:attachment":[{"href":"https:\/\/artemis-bonn.de\/artemis_webseite\/index.php?rest_route=%2Fwp%2Fv2%2Fmedia&parent=263"}],"curies":[{"name":"wp","href":"https:\/\/api.w.org\/{rel}","templated":true}]}}